{"id":581,"date":"2020-05-19T12:28:09","date_gmt":"2020-05-19T17:28:09","guid":{"rendered":"https:\/\/www.musasletales.com\/?page_id=581"},"modified":"2026-03-24T15:42:04","modified_gmt":"2026-03-24T20:42:04","slug":"libro-musas-letales","status":"publish","type":"page","link":"https:\/\/www.musasletales.com\/libro\/","title":{"rendered":"\u00abMusas Letales\u00bb (Libro de poemas)"},"content":{"rendered":"\n<h2 class=\"wp-block-heading\">\u00a1Ya disponible en Amazon : \u00abMusas Letales\u00bb!<\/h2>\n\n\n\n<p><\/p>\n\n\n\n<p>Publiqu\u00e9 una versi\u00f3n renovada de mi libro de poemas <strong>\u00abMusas Letales\u00bb<\/strong>, Estoy muy contento por haber logrado algo que hace unos a\u00f1os solo paso por mi cabeza como mera idea ut\u00f3pica, pero hoy es un hecho. Lo podr\u00e1s encontrar en Amazon, puedes adquirirlo en Ebook (recomendable) o en libro f\u00edsico, aunque esta segunda opci\u00f3n sale algo elevado el precio por el tema del env\u00edo, ya que se hace desde USA al parecer, yo estoy en M\u00e9xico. <\/p>\n\n\n\n<p>Te agradecer\u00eda mucho si me dejas un comentario, ya sea en la misma plataforma de <em>Amazon<\/em>, o en esta misma publicaci\u00f3n. Te dejo los enlaces aqu\u00ed abajo.<br><br>Versi\u00f3n Ebook:<br><a href=\"https:\/\/www.amazon.com.mx\/Musas-Letales-Poemas-desamor-complicaciones-ebook\/dp\/B0FWSVKMSX\/\">Ir a la versi\u00f3n Kindle<\/a><br>Versi\u00f3n Impresa:<br><a href=\"https:\/\/www.amazon.com.mx\/Musas-Letales-desamor-complicaciones-Spanish\/dp\/B0G6DMYW8N\/\">Ir a la versi\u00f3n impresa<\/a><\/p>\n\n\n\n<h3 class=\"wp-block-heading\">\u00bfC\u00f3mo leerlo en la app Kindle?<\/h3>\n\n\n\n<p><strong>Paso 1.<\/strong> Debes tener una cuenta en <em>Amazon<\/em>, puedes crearla ingresando en <a href=\"https:\/\/www.amazon.com\/\">Amazon.com<\/a>.<\/p>\n\n\n\n<p><strong>Paso 2.<\/strong> Ya que tengas tu cuenta en <em>Amazon<\/em>, debes iniciar sesi\u00f3n, y en la barra de b\u00fasqueda escribir el nombre del libro <strong>\u00abMusas Letales\u00bb<\/strong>, o solo da <a href=\"https:\/\/www.amazon.com\/Musas-Letales-Poemas-desamor-complicaciones-ebook\/dp\/B0FWSVKMSX\/\">click aqu\u00ed<\/a>, ya que lo encuentres, solo verifica que eliges la versi\u00f3n <strong>Kindle<\/strong>, para despu\u00e9s proceder a la compra.<\/p>\n\n\n\n<figure class=\"wp-block-image size-full\"><a href=\"https:\/\/i0.wp.com\/www.musasletales.com\/wp-content\/uploads\/2025\/11\/Captura-de-pantalla-2025-11-05-001941.png?ssl=1\"><img data-recalc-dims=\"1\" loading=\"lazy\" decoding=\"async\" width=\"750\" height=\"422\" data-attachment-id=\"2505\" data-permalink=\"https:\/\/www.musasletales.com\/libro\/libro-musas-letales\/captura-de-pantalla-2025-11-05-001941\/\" data-orig-file=\"https:\/\/i0.wp.com\/www.musasletales.com\/wp-content\/uploads\/2025\/11\/Captura-de-pantalla-2025-11-05-001941.png?fit=1002%2C564&amp;ssl=1\" data-orig-size=\"1002,564\" data-comments-opened=\"0\" data-image-meta=\"{&quot;aperture&quot;:&quot;0&quot;,&quot;credit&quot;:&quot;&quot;,&quot;camera&quot;:&quot;&quot;,&quot;caption&quot;:&quot;&quot;,&quot;created_timestamp&quot;:&quot;0&quot;,&quot;copyright&quot;:&quot;&quot;,&quot;focal_length&quot;:&quot;0&quot;,&quot;iso&quot;:&quot;0&quot;,&quot;shutter_speed&quot;:&quot;0&quot;,&quot;title&quot;:&quot;&quot;,&quot;orientation&quot;:&quot;0&quot;}\" data-image-title=\"Captura de pantalla 2025-11-05 001941\" data-image-description=\"\" data-image-caption=\"\" data-medium-file=\"https:\/\/i0.wp.com\/www.musasletales.com\/wp-content\/uploads\/2025\/11\/Captura-de-pantalla-2025-11-05-001941.png?fit=300%2C169&amp;ssl=1\" data-large-file=\"https:\/\/i0.wp.com\/www.musasletales.com\/wp-content\/uploads\/2025\/11\/Captura-de-pantalla-2025-11-05-001941.png?fit=750%2C422&amp;ssl=1\" src=\"https:\/\/i0.wp.com\/www.musasletales.com\/wp-content\/uploads\/2025\/11\/Captura-de-pantalla-2025-11-05-001941.png?resize=750%2C422&#038;ssl=1\" alt=\"\" class=\"wp-image-2505\" srcset=\"https:\/\/i0.wp.com\/www.musasletales.com\/wp-content\/uploads\/2025\/11\/Captura-de-pantalla-2025-11-05-001941.png?w=1002&amp;ssl=1 1002w, https:\/\/i0.wp.com\/www.musasletales.com\/wp-content\/uploads\/2025\/11\/Captura-de-pantalla-2025-11-05-001941.png?resize=300%2C169&amp;ssl=1 300w, https:\/\/i0.wp.com\/www.musasletales.com\/wp-content\/uploads\/2025\/11\/Captura-de-pantalla-2025-11-05-001941.png?resize=768%2C432&amp;ssl=1 768w\" sizes=\"auto, (max-width: 750px) 100vw, 750px\" \/><\/a><\/figure>\n\n\n\n<p><strong>Paso 3.<\/strong> Una ves que hayas hecho la compra, si est\u00e1s en PC puedes puedes ver tus ebooks desde el mismo sitio de Amazon o desde tu celular en la <strong>Play Store<\/strong> busca la app <strong>Kindle<\/strong> y desc\u00e1rgalo, despu\u00e9s de instalarlo, lo abres y te pedir\u00e1 tus datos de usuario de <em>Amazon<\/em>, solo lo ingresas, ya que hayas iniciado sesi\u00f3n, en la secci\u00f3n &#8216;De su biblioteca&#8217;, aparecer\u00e1n los Ebooks que hayas comprado.<\/p>\n\n\n\n<figure class=\"wp-block-gallery has-nested-images columns-default is-cropped wp-block-gallery-1 is-layout-flex wp-block-gallery-is-layout-flex\">\n<figure class=\"wp-block-image size-large\"><img data-recalc-dims=\"1\" loading=\"lazy\" decoding=\"async\" width=\"473\" height=\"1024\" data-attachment-id=\"584\" data-permalink=\"https:\/\/www.musasletales.com\/libro\/libro-musas-letales\/screenshot_20200519_120050_com-android-vending\/\" data-orig-file=\"https:\/\/i0.wp.com\/www.musasletales.com\/wp-content\/uploads\/2020\/05\/Screenshot_20200519_120050_com.android.vending.jpg?fit=1080%2C2340&amp;ssl=1\" data-orig-size=\"1080,2340\" data-comments-opened=\"0\" data-image-meta=\"{&quot;aperture&quot;:&quot;0&quot;,&quot;credit&quot;:&quot;&quot;,&quot;camera&quot;:&quot;SNE-LX3&quot;,&quot;caption&quot;:&quot;&quot;,&quot;created_timestamp&quot;:&quot;1589889651&quot;,&quot;copyright&quot;:&quot;&quot;,&quot;focal_length&quot;:&quot;0&quot;,&quot;iso&quot;:&quot;0&quot;,&quot;shutter_speed&quot;:&quot;0&quot;,&quot;title&quot;:&quot;&quot;,&quot;orientation&quot;:&quot;0&quot;}\" data-image-title=\"Screenshot_20200519_120050_com.android.vending\" data-image-description=\"\" data-image-caption=\"\" data-medium-file=\"https:\/\/i0.wp.com\/www.musasletales.com\/wp-content\/uploads\/2020\/05\/Screenshot_20200519_120050_com.android.vending.jpg?fit=138%2C300&amp;ssl=1\" data-large-file=\"https:\/\/i0.wp.com\/www.musasletales.com\/wp-content\/uploads\/2020\/05\/Screenshot_20200519_120050_com.android.vending.jpg?fit=473%2C1024&amp;ssl=1\" data-id=\"584\" src=\"https:\/\/i0.wp.com\/www.musasletales.com\/wp-content\/uploads\/2020\/05\/Screenshot_20200519_120050_com.android.vending.jpg?resize=473%2C1024&#038;ssl=1\" alt=\"captura_amazon_kindle_para_demonios_en_la_azotea\" class=\"wp-image-584\" srcset=\"https:\/\/i0.wp.com\/www.musasletales.com\/wp-content\/uploads\/2020\/05\/Screenshot_20200519_120050_com.android.vending.jpg?resize=473%2C1024&amp;ssl=1 473w, https:\/\/i0.wp.com\/www.musasletales.com\/wp-content\/uploads\/2020\/05\/Screenshot_20200519_120050_com.android.vending.jpg?resize=138%2C300&amp;ssl=1 138w, https:\/\/i0.wp.com\/www.musasletales.com\/wp-content\/uploads\/2020\/05\/Screenshot_20200519_120050_com.android.vending.jpg?resize=768%2C1664&amp;ssl=1 768w, https:\/\/i0.wp.com\/www.musasletales.com\/wp-content\/uploads\/2020\/05\/Screenshot_20200519_120050_com.android.vending.jpg?resize=709%2C1536&amp;ssl=1 709w, https:\/\/i0.wp.com\/www.musasletales.com\/wp-content\/uploads\/2020\/05\/Screenshot_20200519_120050_com.android.vending.jpg?resize=945%2C2048&amp;ssl=1 945w, https:\/\/i0.wp.com\/www.musasletales.com\/wp-content\/uploads\/2020\/05\/Screenshot_20200519_120050_com.android.vending.jpg?w=1080&amp;ssl=1 1080w\" sizes=\"auto, (max-width: 473px) 100vw, 473px\" \/><\/figure>\n\n\n\n<figure class=\"wp-block-image size-large\"><img data-recalc-dims=\"1\" loading=\"lazy\" decoding=\"async\" width=\"473\" height=\"1024\" data-attachment-id=\"586\" data-permalink=\"https:\/\/www.musasletales.com\/libro\/libro-musas-letales\/screenshot_20200519_121224_com-amazon-kindle\/\" data-orig-file=\"https:\/\/i0.wp.com\/www.musasletales.com\/wp-content\/uploads\/2020\/05\/Screenshot_20200519_121224_com.amazon.kindle.jpg?fit=1080%2C2340&amp;ssl=1\" data-orig-size=\"1080,2340\" data-comments-opened=\"0\" data-image-meta=\"{&quot;aperture&quot;:&quot;0&quot;,&quot;credit&quot;:&quot;&quot;,&quot;camera&quot;:&quot;SNE-LX3&quot;,&quot;caption&quot;:&quot;&quot;,&quot;created_timestamp&quot;:&quot;1589890344&quot;,&quot;copyright&quot;:&quot;&quot;,&quot;focal_length&quot;:&quot;0&quot;,&quot;iso&quot;:&quot;0&quot;,&quot;shutter_speed&quot;:&quot;0&quot;,&quot;title&quot;:&quot;&quot;,&quot;orientation&quot;:&quot;0&quot;}\" data-image-title=\"Screenshot_20200519_121224_com.amazon.kindle\" data-image-description=\"\" data-image-caption=\"\" data-medium-file=\"https:\/\/i0.wp.com\/www.musasletales.com\/wp-content\/uploads\/2020\/05\/Screenshot_20200519_121224_com.amazon.kindle.jpg?fit=138%2C300&amp;ssl=1\" data-large-file=\"https:\/\/i0.wp.com\/www.musasletales.com\/wp-content\/uploads\/2020\/05\/Screenshot_20200519_121224_com.amazon.kindle.jpg?fit=473%2C1024&amp;ssl=1\" data-id=\"586\" src=\"https:\/\/i0.wp.com\/www.musasletales.com\/wp-content\/uploads\/2020\/05\/Screenshot_20200519_121224_com.amazon.kindle.jpg?resize=473%2C1024&#038;ssl=1\" alt=\"captura_amazon_kindle_biblioteca_demonios_en_la_azotea\" class=\"wp-image-586\" srcset=\"https:\/\/i0.wp.com\/www.musasletales.com\/wp-content\/uploads\/2020\/05\/Screenshot_20200519_121224_com.amazon.kindle.jpg?resize=473%2C1024&amp;ssl=1 473w, https:\/\/i0.wp.com\/www.musasletales.com\/wp-content\/uploads\/2020\/05\/Screenshot_20200519_121224_com.amazon.kindle.jpg?resize=138%2C300&amp;ssl=1 138w, https:\/\/i0.wp.com\/www.musasletales.com\/wp-content\/uploads\/2020\/05\/Screenshot_20200519_121224_com.amazon.kindle.jpg?resize=768%2C1664&amp;ssl=1 768w, https:\/\/i0.wp.com\/www.musasletales.com\/wp-content\/uploads\/2020\/05\/Screenshot_20200519_121224_com.amazon.kindle.jpg?resize=709%2C1536&amp;ssl=1 709w, https:\/\/i0.wp.com\/www.musasletales.com\/wp-content\/uploads\/2020\/05\/Screenshot_20200519_121224_com.amazon.kindle.jpg?resize=945%2C2048&amp;ssl=1 945w, https:\/\/i0.wp.com\/www.musasletales.com\/wp-content\/uploads\/2020\/05\/Screenshot_20200519_121224_com.amazon.kindle.jpg?w=1080&amp;ssl=1 1080w\" sizes=\"auto, (max-width: 473px) 100vw, 473px\" \/><\/figure>\n<\/figure>\n\n\n\n<p>Si necesitas ayuda, o m\u00e1s informaci\u00f3n, puedes utilizar el <a href=\"https:\/\/www.musasletales.com\/contacto\/\">formulario de contacto<\/a> para comunicarte conmigo.<\/p>\n\n\n\n<figure class=\"wp-block-image size-full is-style-default\"><a href=\"https:\/\/i0.wp.com\/www.musasletales.com\/wp-content\/uploads\/2026\/03\/Gemini_Generated_Image_iimafpiimafpiima-scaled.png?ssl=1\"><img data-recalc-dims=\"1\" loading=\"lazy\" decoding=\"async\" width=\"750\" height=\"1212\" data-attachment-id=\"2718\" data-permalink=\"https:\/\/www.musasletales.com\/libro\/libro-musas-letales\/gemini_generated_image_iimafpiimafpiima\/\" data-orig-file=\"https:\/\/i0.wp.com\/www.musasletales.com\/wp-content\/uploads\/2026\/03\/Gemini_Generated_Image_iimafpiimafpiima-scaled.png?fit=1584%2C2560&amp;ssl=1\" data-orig-size=\"1584,2560\" data-comments-opened=\"0\" data-image-meta=\"{&quot;aperture&quot;:&quot;0&quot;,&quot;credit&quot;:&quot;&quot;,&quot;camera&quot;:&quot;&quot;,&quot;caption&quot;:&quot;&quot;,&quot;created_timestamp&quot;:&quot;0&quot;,&quot;copyright&quot;:&quot;&quot;,&quot;focal_length&quot;:&quot;0&quot;,&quot;iso&quot;:&quot;0&quot;,&quot;shutter_speed&quot;:&quot;0&quot;,&quot;title&quot;:&quot;&quot;,&quot;orientation&quot;:&quot;0&quot;}\" data-image-title=\"Gemini_Generated_Image_iimafpiimafpiima\" data-image-description=\"\" data-image-caption=\"\" data-medium-file=\"https:\/\/i0.wp.com\/www.musasletales.com\/wp-content\/uploads\/2026\/03\/Gemini_Generated_Image_iimafpiimafpiima-scaled.png?fit=186%2C300&amp;ssl=1\" data-large-file=\"https:\/\/i0.wp.com\/www.musasletales.com\/wp-content\/uploads\/2026\/03\/Gemini_Generated_Image_iimafpiimafpiima-scaled.png?fit=634%2C1024&amp;ssl=1\" src=\"https:\/\/i0.wp.com\/www.musasletales.com\/wp-content\/uploads\/2026\/03\/Gemini_Generated_Image_iimafpiimafpiima-scaled.png?resize=750%2C1212&#038;ssl=1\" alt=\"\" class=\"wp-image-2718\" srcset=\"https:\/\/i0.wp.com\/www.musasletales.com\/wp-content\/uploads\/2026\/03\/Gemini_Generated_Image_iimafpiimafpiima-scaled.png?w=1584&amp;ssl=1 1584w, https:\/\/i0.wp.com\/www.musasletales.com\/wp-content\/uploads\/2026\/03\/Gemini_Generated_Image_iimafpiimafpiima-scaled.png?resize=186%2C300&amp;ssl=1 186w, https:\/\/i0.wp.com\/www.musasletales.com\/wp-content\/uploads\/2026\/03\/Gemini_Generated_Image_iimafpiimafpiima-scaled.png?resize=634%2C1024&amp;ssl=1 634w, https:\/\/i0.wp.com\/www.musasletales.com\/wp-content\/uploads\/2026\/03\/Gemini_Generated_Image_iimafpiimafpiima-scaled.png?resize=768%2C1241&amp;ssl=1 768w, https:\/\/i0.wp.com\/www.musasletales.com\/wp-content\/uploads\/2026\/03\/Gemini_Generated_Image_iimafpiimafpiima-scaled.png?resize=951%2C1536&amp;ssl=1 951w, https:\/\/i0.wp.com\/www.musasletales.com\/wp-content\/uploads\/2026\/03\/Gemini_Generated_Image_iimafpiimafpiima-scaled.png?resize=1268%2C2048&amp;ssl=1 1268w, https:\/\/i0.wp.com\/www.musasletales.com\/wp-content\/uploads\/2026\/03\/Gemini_Generated_Image_iimafpiimafpiima-scaled.png?w=1500&amp;ssl=1 1500w\" sizes=\"auto, (max-width: 750px) 100vw, 750px\" \/><\/a><\/figure>\n","protected":false},"excerpt":{"rendered":"<p>\u00a1Ya disponible en Amazon : \u00abMusas Letales\u00bb! Publiqu\u00e9 una versi\u00f3n renovada de mi libro de poemas \u00abMusas Letales\u00bb, Estoy muy contento por haber logrado algo que hace unos a\u00f1os solo paso por mi cabeza como mera idea ut\u00f3pica, pero hoy es un hecho. Lo podr\u00e1s encontrar en Amazon, puedes adquirirlo [&hellip;]<\/p>\n","protected":false},"author":1,"featured_media":0,"parent":0,"menu_order":0,"comment_status":"open","ping_status":"closed","template":"","meta":{"_themeisle_gutenberg_block_has_review":false,"footnotes":""},"class_list":["post-581","page","type-page","status-publish","hentry"],"yoast_head":"<!-- This site is optimized with the Yoast SEO plugin v26.3 - https:\/\/yoast.com\/wordpress\/plugins\/seo\/ -->\n<title>&quot;Musas Letales&quot; (Libro de poemas) - Musas Letales<\/title>\n<meta name=\"description\" content=\"Publiqu\u00e9 mi primer libro de poemas &quot;Demonios en la azotea: 60 poemas de amor, desamor, ilusi\u00f3n y otras complicaciones&quot;, lo hice por medio de Amazon.\" \/>\n<meta name=\"robots\" content=\"index, follow, max-snippet:-1, max-image-preview:large, max-video-preview:-1\" \/>\n<link rel=\"canonical\" href=\"https:\/\/www.musasletales.com\/libro\/\" \/>\n<meta property=\"og:locale\" content=\"es_ES\" \/>\n<meta property=\"og:type\" content=\"article\" \/>\n<meta property=\"og:title\" content=\"&quot;Musas Letales&quot; (Libro de poemas) - Musas Letales\" \/>\n<meta property=\"og:description\" content=\"Publiqu\u00e9 mi primer libro de poemas &quot;Demonios en la azotea: 60 poemas de amor, desamor, ilusi\u00f3n y otras complicaciones&quot;, lo hice por medio de Amazon.\" \/>\n<meta property=\"og:url\" content=\"https:\/\/www.musasletales.com\/libro\/\" \/>\n<meta property=\"og:site_name\" content=\"Musas Letales\" \/>\n<meta property=\"article:publisher\" content=\"https:\/\/www.facebook.com\/musasletales\/\" \/>\n<meta property=\"article:modified_time\" content=\"2026-03-24T20:42:04+00:00\" \/>\n<meta property=\"og:image\" content=\"https:\/\/www.musasletales.com\/wp-content\/uploads\/2025\/11\/Captura-de-pantalla-2025-11-05-001941.png\" \/>\n<meta name=\"twitter:label1\" content=\"Tiempo de lectura\" \/>\n\t<meta name=\"twitter:data1\" content=\"3 minutos\" \/>\n<script type=\"application\/ld+json\" class=\"yoast-schema-graph\">{\"@context\":\"https:\/\/schema.org\",\"@graph\":[{\"@type\":\"WebPage\",\"@id\":\"https:\/\/www.musasletales.com\/libro\/\",\"url\":\"https:\/\/www.musasletales.com\/libro\/\",\"name\":\"\\\"Musas Letales\\\" (Libro de poemas) - Musas Letales\",\"isPartOf\":{\"@id\":\"https:\/\/www.musasletales.com\/libro\/#website\"},\"primaryImageOfPage\":{\"@id\":\"https:\/\/www.musasletales.com\/libro\/#primaryimage\"},\"image\":{\"@id\":\"https:\/\/www.musasletales.com\/libro\/#primaryimage\"},\"thumbnailUrl\":\"https:\/\/www.musasletales.com\/wp-content\/uploads\/2025\/11\/Captura-de-pantalla-2025-11-05-001941.png\",\"datePublished\":\"2020-05-19T17:28:09+00:00\",\"dateModified\":\"2026-03-24T20:42:04+00:00\",\"description\":\"Publiqu\u00e9 mi primer libro de poemas \\\"Demonios en la azotea: 60 poemas de amor, desamor, ilusi\u00f3n y otras complicaciones\\\", lo hice por medio de Amazon.\",\"breadcrumb\":{\"@id\":\"https:\/\/www.musasletales.com\/libro\/#breadcrumb\"},\"inLanguage\":\"es\",\"potentialAction\":[{\"@type\":\"ReadAction\",\"target\":[\"https:\/\/www.musasletales.com\/libro\/\"]}]},{\"@type\":\"ImageObject\",\"inLanguage\":\"es\",\"@id\":\"https:\/\/www.musasletales.com\/libro\/#primaryimage\",\"url\":\"https:\/\/www.musasletales.com\/wp-content\/uploads\/2025\/11\/Captura-de-pantalla-2025-11-05-001941.png\",\"contentUrl\":\"https:\/\/www.musasletales.com\/wp-content\/uploads\/2025\/11\/Captura-de-pantalla-2025-11-05-001941.png\"},{\"@type\":\"BreadcrumbList\",\"@id\":\"https:\/\/www.musasletales.com\/libro\/#breadcrumb\",\"itemListElement\":[{\"@type\":\"ListItem\",\"position\":1,\"name\":\"Portada\",\"item\":\"https:\/\/www.musasletales.com\/libro\/\"},{\"@type\":\"ListItem\",\"position\":2,\"name\":\"\u00abMusas Letales\u00bb (Libro de poemas)\"}]},{\"@type\":\"WebSite\",\"@id\":\"https:\/\/www.musasletales.com\/libro\/#website\",\"url\":\"https:\/\/www.musasletales.com\/libro\/\",\"name\":\"Musas Letales\",\"description\":\"Poemas de amor y desamor, versos para enamorar el alma\",\"potentialAction\":[{\"@type\":\"SearchAction\",\"target\":{\"@type\":\"EntryPoint\",\"urlTemplate\":\"https:\/\/www.musasletales.com\/libro\/?s={search_term_string}\"},\"query-input\":{\"@type\":\"PropertyValueSpecification\",\"valueRequired\":true,\"valueName\":\"search_term_string\"}}],\"inLanguage\":\"es\"}]}<\/script>\n<!-- \/ Yoast SEO plugin. -->","yoast_head_json":{"title":"\"Musas Letales\" (Libro de poemas) - Musas Letales","description":"Publiqu\u00e9 mi primer libro de poemas \"Demonios en la azotea: 60 poemas de amor, desamor, ilusi\u00f3n y otras complicaciones\", lo hice por medio de Amazon.","robots":{"index":"index","follow":"follow","max-snippet":"max-snippet:-1","max-image-preview":"max-image-preview:large","max-video-preview":"max-video-preview:-1"},"canonical":"https:\/\/www.musasletales.com\/libro\/","og_locale":"es_ES","og_type":"article","og_title":"\"Musas Letales\" (Libro de poemas) - Musas Letales","og_description":"Publiqu\u00e9 mi primer libro de poemas \"Demonios en la azotea: 60 poemas de amor, desamor, ilusi\u00f3n y otras complicaciones\", lo hice por medio de Amazon.","og_url":"https:\/\/www.musasletales.com\/libro\/","og_site_name":"Musas Letales","article_publisher":"https:\/\/www.facebook.com\/musasletales\/","article_modified_time":"2026-03-24T20:42:04+00:00","og_image":[{"url":"https:\/\/www.musasletales.com\/wp-content\/uploads\/2025\/11\/Captura-de-pantalla-2025-11-05-001941.png","type":"","width":"","height":""}],"twitter_misc":{"Tiempo de lectura":"3 minutos"},"schema":{"@context":"https:\/\/schema.org","@graph":[{"@type":"WebPage","@id":"https:\/\/www.musasletales.com\/libro\/","url":"https:\/\/www.musasletales.com\/libro\/","name":"\"Musas Letales\" (Libro de poemas) - Musas Letales","isPartOf":{"@id":"https:\/\/www.musasletales.com\/libro\/#website"},"primaryImageOfPage":{"@id":"https:\/\/www.musasletales.com\/libro\/#primaryimage"},"image":{"@id":"https:\/\/www.musasletales.com\/libro\/#primaryimage"},"thumbnailUrl":"https:\/\/www.musasletales.com\/wp-content\/uploads\/2025\/11\/Captura-de-pantalla-2025-11-05-001941.png","datePublished":"2020-05-19T17:28:09+00:00","dateModified":"2026-03-24T20:42:04+00:00","description":"Publiqu\u00e9 mi primer libro de poemas \"Demonios en la azotea: 60 poemas de amor, desamor, ilusi\u00f3n y otras complicaciones\", lo hice por medio de Amazon.","breadcrumb":{"@id":"https:\/\/www.musasletales.com\/libro\/#breadcrumb"},"inLanguage":"es","potentialAction":[{"@type":"ReadAction","target":["https:\/\/www.musasletales.com\/libro\/"]}]},{"@type":"ImageObject","inLanguage":"es","@id":"https:\/\/www.musasletales.com\/libro\/#primaryimage","url":"https:\/\/www.musasletales.com\/wp-content\/uploads\/2025\/11\/Captura-de-pantalla-2025-11-05-001941.png","contentUrl":"https:\/\/www.musasletales.com\/wp-content\/uploads\/2025\/11\/Captura-de-pantalla-2025-11-05-001941.png"},{"@type":"BreadcrumbList","@id":"https:\/\/www.musasletales.com\/libro\/#breadcrumb","itemListElement":[{"@type":"ListItem","position":1,"name":"Portada","item":"https:\/\/www.musasletales.com\/libro\/"},{"@type":"ListItem","position":2,"name":"\u00abMusas Letales\u00bb (Libro de poemas)"}]},{"@type":"WebSite","@id":"https:\/\/www.musasletales.com\/libro\/#website","url":"https:\/\/www.musasletales.com\/libro\/","name":"Musas Letales","description":"Poemas de amor y desamor, versos para enamorar el alma","potentialAction":[{"@type":"SearchAction","target":{"@type":"EntryPoint","urlTemplate":"https:\/\/www.musasletales.com\/libro\/?s={search_term_string}"},"query-input":{"@type":"PropertyValueSpecification","valueRequired":true,"valueName":"search_term_string"}}],"inLanguage":"es"}]}},"jetpack_shortlink":"https:\/\/wp.me\/P7V6KE-9n","jetpack-related-posts":[{"id":198,"url":"https:\/\/www.musasletales.com\/libro\/poemas-malditos\/","url_meta":{"origin":581,"position":0},"title":"Poemas Malditos","author":"Russel QP","date":"","format":false,"excerpt":"Por que el recuerdo inerte perdurara por siempre en mi mente, y algunos sentimientos en mi coraz\u00f3n\u2026 La inspiraci\u00f3n puede llegar de cualquier lado, incluso del dolor, escribir los sentimientos ayudan a aliviar el alma, desentra\u00f1ar los enredos en la mente, afrontar los momentos dif\u00edciles, y visualizar un mejor camino\u2026","rel":"","context":"Entrada similar","block_context":{"text":"Entrada similar","link":""},"img":{"alt_text":"","src":"","width":0,"height":0},"classes":[]},{"id":322,"url":"https:\/\/www.musasletales.com\/libro\/poemas-de-amor\/","url_meta":{"origin":581,"position":1},"title":"Poemas de amor","author":"Russel QP","date":"","format":false,"excerpt":"Versos rom\u00e1nticos, en los cuales se expresan los pensamientos que han pasado por mi mente, principalmente por la influencia de ese sentimiento que puede elevarnos al cielo en determinado momento o puede arrojarnos al suelo, un sentimiento diluido en frases cortas, el sentimiento de amor.","rel":"","context":"Entrada similar","block_context":{"text":"Entrada similar","link":""},"img":{"alt_text":"","src":"","width":0,"height":0},"classes":[]},{"id":423,"url":"https:\/\/www.musasletales.com\/libro\/sera-en-otra-ocasion\/","url_meta":{"origin":581,"position":2},"title":"Sera en otra ocasi\u00f3n","author":"Russel QP","date":"","format":false,"excerpt":"Ya ser\u00e1 en otra ocasi\u00f3n, mientras tanto, te invito a seguir navegando en el sitio, hay muchos versos que te podr\u00edan gustar, que tal este de aqu\u00ed.","rel":"","context":"Entrada similar","block_context":{"text":"Entrada similar","link":""},"img":{"alt_text":"","src":"","width":0,"height":0},"classes":[]}],"jetpack_likes_enabled":true,"jetpack_sharing_enabled":true,"_links":{"self":[{"href":"https:\/\/www.musasletales.com\/libro\/wp-json\/wp\/v2\/pages\/581","targetHints":{"allow":["GET"]}}],"collection":[{"href":"https:\/\/www.musasletales.com\/libro\/wp-json\/wp\/v2\/pages"}],"about":[{"href":"https:\/\/www.musasletales.com\/libro\/wp-json\/wp\/v2\/types\/page"}],"author":[{"embeddable":true,"href":"https:\/\/www.musasletales.com\/libro\/wp-json\/wp\/v2\/users\/1"}],"replies":[{"embeddable":true,"href":"https:\/\/www.musasletales.com\/libro\/wp-json\/wp\/v2\/comments?post=581"}],"version-history":[{"count":8,"href":"https:\/\/www.musasletales.com\/libro\/wp-json\/wp\/v2\/pages\/581\/revisions"}],"predecessor-version":[{"id":2720,"href":"https:\/\/www.musasletales.com\/libro\/wp-json\/wp\/v2\/pages\/581\/revisions\/2720"}],"wp:attachment":[{"href":"https:\/\/www.musasletales.com\/libro\/wp-json\/wp\/v2\/media?parent=581"}],"curies":[{"name":"wp","href":"https:\/\/api.w.org\/{rel}","templated":true}]}}