{"id":421,"date":"2020-05-12T19:37:55","date_gmt":"2020-05-12T19:37:55","guid":{"rendered":"https:\/\/www.musasletales.com\/?page_id=421"},"modified":"2020-05-12T19:37:57","modified_gmt":"2020-05-12T19:37:57","slug":"gracias-infinitas-por-tu-apoyo","status":"publish","type":"page","link":"https:\/\/www.musasletales.com\/libro\/gracias-infinitas-por-tu-apoyo\/","title":{"rendered":"\u00a1Gracias infinitas por tu apoyo!"},"content":{"rendered":"\n<p>Gracias por tu aportaci\u00f3n, eso me ayudar\u00e1 a mantener el sitio, y darme tiempo para seguir escribiendo.<\/p>\n","protected":false},"excerpt":{"rendered":"<p>Gracias por tu aportaci\u00f3n, eso me ayudar\u00e1 a mantener el sitio, y darme tiempo para seguir escribiendo.<\/p>\n","protected":false},"author":1,"featured_media":0,"parent":0,"menu_order":0,"comment_status":"closed","ping_status":"closed","template":"","meta":{"_themeisle_gutenberg_block_has_review":false,"footnotes":""},"class_list":["post-421","page","type-page","status-publish","hentry"],"yoast_head":"<!-- This site is optimized with the Yoast SEO plugin v26.3 - https:\/\/yoast.com\/wordpress\/plugins\/seo\/ -->\n<title>\u00a1Gracias infinitas por tu apoyo! - Musas Letales<\/title>\n<meta name=\"robots\" content=\"index, follow, max-snippet:-1, max-image-preview:large, max-video-preview:-1\" \/>\n<link rel=\"canonical\" href=\"https:\/\/www.musasletales.com\/libro\/gracias-infinitas-por-tu-apoyo\/\" \/>\n<meta property=\"og:locale\" content=\"es_ES\" \/>\n<meta property=\"og:type\" content=\"article\" \/>\n<meta property=\"og:title\" content=\"\u00a1Gracias infinitas por tu apoyo! - Musas Letales\" \/>\n<meta property=\"og:description\" content=\"Gracias por tu aportaci\u00f3n, eso me ayudar\u00e1 a mantener el sitio, y darme tiempo para seguir escribiendo.\" \/>\n<meta property=\"og:url\" content=\"https:\/\/www.musasletales.com\/libro\/gracias-infinitas-por-tu-apoyo\/\" \/>\n<meta property=\"og:site_name\" content=\"Musas Letales\" \/>\n<meta property=\"article:publisher\" content=\"https:\/\/www.facebook.com\/musasletales\/\" \/>\n<meta property=\"article:modified_time\" content=\"2020-05-12T19:37:57+00:00\" \/>\n<script type=\"application\/ld+json\" class=\"yoast-schema-graph\">{\"@context\":\"https:\/\/schema.org\",\"@graph\":[{\"@type\":\"WebPage\",\"@id\":\"https:\/\/www.musasletales.com\/libro\/gracias-infinitas-por-tu-apoyo\/\",\"url\":\"https:\/\/www.musasletales.com\/libro\/gracias-infinitas-por-tu-apoyo\/\",\"name\":\"\u00a1Gracias infinitas por tu apoyo! - Musas Letales\",\"isPartOf\":{\"@id\":\"https:\/\/www.musasletales.com\/libro\/#website\"},\"datePublished\":\"2020-05-12T19:37:55+00:00\",\"dateModified\":\"2020-05-12T19:37:57+00:00\",\"breadcrumb\":{\"@id\":\"https:\/\/www.musasletales.com\/libro\/gracias-infinitas-por-tu-apoyo\/#breadcrumb\"},\"inLanguage\":\"es\",\"potentialAction\":[{\"@type\":\"ReadAction\",\"target\":[\"https:\/\/www.musasletales.com\/libro\/gracias-infinitas-por-tu-apoyo\/\"]}]},{\"@type\":\"BreadcrumbList\",\"@id\":\"https:\/\/www.musasletales.com\/libro\/gracias-infinitas-por-tu-apoyo\/#breadcrumb\",\"itemListElement\":[{\"@type\":\"ListItem\",\"position\":1,\"name\":\"Portada\",\"item\":\"https:\/\/www.musasletales.com\/libro\/\"},{\"@type\":\"ListItem\",\"position\":2,\"name\":\"\u00a1Gracias infinitas por tu apoyo!\"}]},{\"@type\":\"WebSite\",\"@id\":\"https:\/\/www.musasletales.com\/libro\/#website\",\"url\":\"https:\/\/www.musasletales.com\/libro\/\",\"name\":\"Musas Letales\",\"description\":\"Poemas de amor y desamor, versos para enamorar el alma\",\"potentialAction\":[{\"@type\":\"SearchAction\",\"target\":{\"@type\":\"EntryPoint\",\"urlTemplate\":\"https:\/\/www.musasletales.com\/libro\/?s={search_term_string}\"},\"query-input\":{\"@type\":\"PropertyValueSpecification\",\"valueRequired\":true,\"valueName\":\"search_term_string\"}}],\"inLanguage\":\"es\"}]}<\/script>\n<!-- \/ Yoast SEO plugin. -->","yoast_head_json":{"title":"\u00a1Gracias infinitas por tu apoyo! - Musas Letales","robots":{"index":"index","follow":"follow","max-snippet":"max-snippet:-1","max-image-preview":"max-image-preview:large","max-video-preview":"max-video-preview:-1"},"canonical":"https:\/\/www.musasletales.com\/libro\/gracias-infinitas-por-tu-apoyo\/","og_locale":"es_ES","og_type":"article","og_title":"\u00a1Gracias infinitas por tu apoyo! - Musas Letales","og_description":"Gracias por tu aportaci\u00f3n, eso me ayudar\u00e1 a mantener el sitio, y darme tiempo para seguir escribiendo.","og_url":"https:\/\/www.musasletales.com\/libro\/gracias-infinitas-por-tu-apoyo\/","og_site_name":"Musas Letales","article_publisher":"https:\/\/www.facebook.com\/musasletales\/","article_modified_time":"2020-05-12T19:37:57+00:00","schema":{"@context":"https:\/\/schema.org","@graph":[{"@type":"WebPage","@id":"https:\/\/www.musasletales.com\/libro\/gracias-infinitas-por-tu-apoyo\/","url":"https:\/\/www.musasletales.com\/libro\/gracias-infinitas-por-tu-apoyo\/","name":"\u00a1Gracias infinitas por tu apoyo! - Musas Letales","isPartOf":{"@id":"https:\/\/www.musasletales.com\/libro\/#website"},"datePublished":"2020-05-12T19:37:55+00:00","dateModified":"2020-05-12T19:37:57+00:00","breadcrumb":{"@id":"https:\/\/www.musasletales.com\/libro\/gracias-infinitas-por-tu-apoyo\/#breadcrumb"},"inLanguage":"es","potentialAction":[{"@type":"ReadAction","target":["https:\/\/www.musasletales.com\/libro\/gracias-infinitas-por-tu-apoyo\/"]}]},{"@type":"BreadcrumbList","@id":"https:\/\/www.musasletales.com\/libro\/gracias-infinitas-por-tu-apoyo\/#breadcrumb","itemListElement":[{"@type":"ListItem","position":1,"name":"Portada","item":"https:\/\/www.musasletales.com\/libro\/"},{"@type":"ListItem","position":2,"name":"\u00a1Gracias infinitas por tu apoyo!"}]},{"@type":"WebSite","@id":"https:\/\/www.musasletales.com\/libro\/#website","url":"https:\/\/www.musasletales.com\/libro\/","name":"Musas Letales","description":"Poemas de amor y desamor, versos para enamorar el alma","potentialAction":[{"@type":"SearchAction","target":{"@type":"EntryPoint","urlTemplate":"https:\/\/www.musasletales.com\/libro\/?s={search_term_string}"},"query-input":{"@type":"PropertyValueSpecification","valueRequired":true,"valueName":"search_term_string"}}],"inLanguage":"es"}]}},"jetpack_shortlink":"https:\/\/wp.me\/P7V6KE-6N","jetpack-related-posts":[{"id":581,"url":"https:\/\/www.musasletales.com\/libro\/","url_meta":{"origin":421,"position":0},"title":"\u00abMusas Letales\u00bb (Libro de poemas)","author":"Russel QP","date":"","format":false,"excerpt":"\u00a1Ya disponible en Amazon : \"Musas Letales\"! Publiqu\u00e9 una versi\u00f3n renovada de mi libro de poemas \"Musas Letales\", Estoy muy contento por haber logrado algo que hace unos a\u00f1os solo paso por mi cabeza como mera idea ut\u00f3pica, pero hoy es un hecho. Lo podr\u00e1s encontrar en Amazon, puedes adquirirlo\u2026","rel":"","context":"Entrada similar","block_context":{"text":"Entrada similar","link":""},"img":{"alt_text":"","src":"https:\/\/i0.wp.com\/www.musasletales.com\/wp-content\/uploads\/2020\/05\/Screenshot_20200519_120050_com.android.vending.jpg?resize=350%2C200","width":350,"height":200,"srcset":"https:\/\/i0.wp.com\/www.musasletales.com\/wp-content\/uploads\/2020\/05\/Screenshot_20200519_120050_com.android.vending.jpg?resize=350%2C200 1x, https:\/\/i0.wp.com\/www.musasletales.com\/wp-content\/uploads\/2020\/05\/Screenshot_20200519_120050_com.android.vending.jpg?resize=525%2C300 1.5x, https:\/\/i0.wp.com\/www.musasletales.com\/wp-content\/uploads\/2020\/05\/Screenshot_20200519_120050_com.android.vending.jpg?resize=700%2C400 2x, https:\/\/i0.wp.com\/www.musasletales.com\/wp-content\/uploads\/2020\/05\/Screenshot_20200519_120050_com.android.vending.jpg?resize=1050%2C600 3x"},"classes":[]},{"id":423,"url":"https:\/\/www.musasletales.com\/libro\/sera-en-otra-ocasion\/","url_meta":{"origin":421,"position":1},"title":"Sera en otra ocasi\u00f3n","author":"Russel QP","date":"","format":false,"excerpt":"Ya ser\u00e1 en otra ocasi\u00f3n, mientras tanto, te invito a seguir navegando en el sitio, hay muchos versos que te podr\u00edan gustar, que tal este de aqu\u00ed.","rel":"","context":"Entrada similar","block_context":{"text":"Entrada similar","link":""},"img":{"alt_text":"","src":"","width":0,"height":0},"classes":[]},{"id":198,"url":"https:\/\/www.musasletales.com\/libro\/poemas-malditos\/","url_meta":{"origin":421,"position":2},"title":"Poemas Malditos","author":"Russel QP","date":"","format":false,"excerpt":"Por que el recuerdo inerte perdurara por siempre en mi mente, y algunos sentimientos en mi coraz\u00f3n\u2026 La inspiraci\u00f3n puede llegar de cualquier lado, incluso del dolor, escribir los sentimientos ayudan a aliviar el alma, desentra\u00f1ar los enredos en la mente, afrontar los momentos dif\u00edciles, y visualizar un mejor camino\u2026","rel":"","context":"Entrada similar","block_context":{"text":"Entrada similar","link":""},"img":{"alt_text":"","src":"","width":0,"height":0},"classes":[]},{"id":322,"url":"https:\/\/www.musasletales.com\/libro\/poemas-de-amor\/","url_meta":{"origin":421,"position":3},"title":"Poemas de amor","author":"Russel QP","date":"","format":false,"excerpt":"Versos rom\u00e1nticos, en los cuales se expresan los pensamientos que han pasado por mi mente, principalmente por la influencia de ese sentimiento que puede elevarnos al cielo en determinado momento o puede arrojarnos al suelo, un sentimiento diluido en frases cortas, el sentimiento de amor.","rel":"","context":"Entrada similar","block_context":{"text":"Entrada similar","link":""},"img":{"alt_text":"","src":"","width":0,"height":0},"classes":[]}],"jetpack_likes_enabled":true,"jetpack_sharing_enabled":true,"_links":{"self":[{"href":"https:\/\/www.musasletales.com\/libro\/wp-json\/wp\/v2\/pages\/421","targetHints":{"allow":["GET"]}}],"collection":[{"href":"https:\/\/www.musasletales.com\/libro\/wp-json\/wp\/v2\/pages"}],"about":[{"href":"https:\/\/www.musasletales.com\/libro\/wp-json\/wp\/v2\/types\/page"}],"author":[{"embeddable":true,"href":"https:\/\/www.musasletales.com\/libro\/wp-json\/wp\/v2\/users\/1"}],"replies":[{"embeddable":true,"href":"https:\/\/www.musasletales.com\/libro\/wp-json\/wp\/v2\/comments?post=421"}],"version-history":[{"count":1,"href":"https:\/\/www.musasletales.com\/libro\/wp-json\/wp\/v2\/pages\/421\/revisions"}],"predecessor-version":[{"id":422,"href":"https:\/\/www.musasletales.com\/libro\/wp-json\/wp\/v2\/pages\/421\/revisions\/422"}],"wp:attachment":[{"href":"https:\/\/www.musasletales.com\/libro\/wp-json\/wp\/v2\/media?parent=421"}],"curies":[{"name":"wp","href":"https:\/\/api.w.org\/{rel}","templated":true}]}}